{"id":225,"date":"2024-07-28T17:09:59","date_gmt":"2024-07-28T17:09:59","guid":{"rendered":"https:\/\/buurtbusaaltenruurlo.nl\/buurtbus191\/?page_id=225"},"modified":"2024-08-14T17:21:58","modified_gmt":"2024-08-14T17:21:58","slug":"routes-en-haltes","status":"publish","type":"page","link":"https:\/\/buurtbusaaltenruurlo.nl\/buurtbus191\/index.php\/routes-en-haltes\/","title":{"rendered":"Routes en Haltes"},"content":{"rendered":"\n<p><br>Lijn 191 rijdt van Aalten naar Ruurlo en v.v. en stopt bij onderstaande haltes. Buiten de bebouwde kom stopt de bus op verzoek op elke gewenste plaats, mits de veiligheid dat toelaat. Steek daar duidelijk uw hand op!<\/p>\n\n\n\n<p><em><strong>Halteplaats:<br><\/strong><\/em>Ruurlo De Bundeling<em><strong><br><\/strong><\/em><strong>Ruurlo&nbsp; Station<\/strong><\/p>\n\n\n\n<p><em>Overstappen van \/ naar<\/em><br>Trein Zutphen en Winterswijk<br>Bus 23 Doetinchem en Borculo<br>Bus 74 Lichtenvoorde Twenteroute naar Enschede en Doetinchem.<\/p>\n\n\n\n<p>Ruurlo Nijenhuis<br>Mari\u00ebnvelde Caf\u00e9 De Tolhut<br>Mari\u00ebnvelde RK Kerk<br>Mari\u00ebnvelde Waalderweg<br>Zieuwent\u00a0 Cuppers<br>Zieuwent RK Kerk<br>Lichtenvoorde Twenteroute<br>Lichtenvoorde Hagenstraat<br>Lichtenvoorde Gemeentehuis<br>Lichtenvoorde De Swite<br>Lichtenvoorde Wentholtpark<br>Lichtenvoorde Hamalandhal<br>Lichtenvoorde Koningslinde<br>Lichtenvoorde Galile\u00efstraat<br>Lichtenvoorde\u00a0Edisonstraat<br>Lichtenvoorde\u00a0Mercatorstraat<br>Barlo\u00a0Domme Aanleg<br>Barlo dorp<br>Bredevoort\u00a0Tramstraat<br>Aalten\u00a0\u2018t Walfort<br>Aalten\u00a0Zonneheuvel<br>Aalten\u00a0Centrum<br>Aalten De Pol<br>Aalten\u00a0Ludgerstraat<br><strong>Aalten\u00a0Station<\/strong><\/p>\n\n\n\n<p><em>Overstappen van \/ naar<\/em><br>Trein Winterswijk en Doetinchem \u2013 Arnhem<br>Buurtbus 194 Dinxperlo-Varsseveld-Halle-Zelhem<br>Bus C 11 naar Bocholt<\/p>\n","protected":false},"excerpt":{"rendered":"<p>Lijn 191 rijdt van Aalten naar Ruurlo en v.v. en stopt bij onderstaande haltes. Buiten de bebouwde kom stopt de bus op verzoek op elke gewenste plaats, mits de veiligheid dat toelaat. Steek daar duidelijk uw hand op! Halteplaats:Ruurlo De BundelingRuurlo&nbsp; Station Overstappen van \/ naarTrein Zutphen en WinterswijkBus 23 Doetinchem en BorculoBus 74 Lichtenvoorde&#8230;<\/p>\n","protected":false},"author":1,"featured_media":0,"parent":0,"menu_order":0,"comment_status":"closed","ping_status":"closed","template":"","meta":{"_uag_custom_page_level_css":"","_kad_post_transparent":"","_kad_post_title":"","_kad_post_layout":"narrow","_kad_post_sidebar_id":"","_kad_post_content_style":"","_kad_post_vertical_padding":"","_kad_post_feature":"","_kad_post_feature_position":"","_kad_post_header":false,"_kad_post_footer":false,"footnotes":""},"class_list":["post-225","page","type-page","status-publish","hentry"],"yoast_head":"<!-- This site is optimized with the Yoast SEO plugin v27.5 - https:\/\/yoast.com\/product\/yoast-seo-wordpress\/ -->\n<title>Routes en Haltes - Buurtbus Aalten-Ruurlo<\/title>\n<meta name=\"robots\" content=\"index, follow, max-snippet:-1, max-image-preview:large, max-video-preview:-1\" \/>\n<link rel=\"canonical\" href=\"https:\/\/buurtbusaaltenruurlo.nl\/buurtbus191\/index.php\/routes-en-haltes\/\" \/>\n<meta property=\"og:locale\" content=\"nl_NL\" \/>\n<meta property=\"og:type\" content=\"article\" \/>\n<meta property=\"og:title\" content=\"Routes en Haltes - Buurtbus Aalten-Ruurlo\" \/>\n<meta property=\"og:description\" content=\"Lijn 191 rijdt van Aalten naar Ruurlo en v.v. en stopt bij onderstaande haltes. Buiten de bebouwde kom stopt de bus op verzoek op elke gewenste plaats, mits de veiligheid dat toelaat. Steek daar duidelijk uw hand op! Halteplaats:Ruurlo De BundelingRuurlo&nbsp; Station Overstappen van \/ naarTrein Zutphen en WinterswijkBus 23 Doetinchem en BorculoBus 74 Lichtenvoorde...\" \/>\n<meta property=\"og:url\" content=\"https:\/\/buurtbusaaltenruurlo.nl\/buurtbus191\/index.php\/routes-en-haltes\/\" \/>\n<meta property=\"og:site_name\" content=\"Buurtbus Aalten-Ruurlo\" \/>\n<meta property=\"article:modified_time\" content=\"2024-08-14T17:21:58+00:00\" \/>\n<meta name=\"twitter:card\" content=\"summary_large_image\" \/>\n<meta name=\"twitter:label1\" content=\"Geschatte leestijd\" \/>\n\t<meta name=\"twitter:data1\" content=\"1 minuut\" \/>\n<script type=\"application\/ld+json\" class=\"yoast-schema-graph\">{\"@context\":\"https:\\\/\\\/schema.org\",\"@graph\":[{\"@type\":\"WebPage\",\"@id\":\"https:\\\/\\\/buurtbusaaltenruurlo.nl\\\/buurtbus191\\\/index.php\\\/routes-en-haltes\\\/\",\"url\":\"https:\\\/\\\/buurtbusaaltenruurlo.nl\\\/buurtbus191\\\/index.php\\\/routes-en-haltes\\\/\",\"name\":\"Routes en Haltes - Buurtbus Aalten-Ruurlo\",\"isPartOf\":{\"@id\":\"https:\\\/\\\/buurtbusaaltenruurlo.nl\\\/buurtbus191\\\/#website\"},\"datePublished\":\"2024-07-28T17:09:59+00:00\",\"dateModified\":\"2024-08-14T17:21:58+00:00\",\"breadcrumb\":{\"@id\":\"https:\\\/\\\/buurtbusaaltenruurlo.nl\\\/buurtbus191\\\/index.php\\\/routes-en-haltes\\\/#breadcrumb\"},\"inLanguage\":\"nl-NL\",\"potentialAction\":[{\"@type\":\"ReadAction\",\"target\":[\"https:\\\/\\\/buurtbusaaltenruurlo.nl\\\/buurtbus191\\\/index.php\\\/routes-en-haltes\\\/\"]}]},{\"@type\":\"BreadcrumbList\",\"@id\":\"https:\\\/\\\/buurtbusaaltenruurlo.nl\\\/buurtbus191\\\/index.php\\\/routes-en-haltes\\\/#breadcrumb\",\"itemListElement\":[{\"@type\":\"ListItem\",\"position\":1,\"name\":\"Home\",\"item\":\"https:\\\/\\\/buurtbusaaltenruurlo.nl\\\/buurtbus191\\\/\"},{\"@type\":\"ListItem\",\"position\":2,\"name\":\"Routes en Haltes\"}]},{\"@type\":\"WebSite\",\"@id\":\"https:\\\/\\\/buurtbusaaltenruurlo.nl\\\/buurtbus191\\\/#website\",\"url\":\"https:\\\/\\\/buurtbusaaltenruurlo.nl\\\/buurtbus191\\\/\",\"name\":\"Buurtbus Aalten-Ruurlo\",\"description\":\"\",\"publisher\":{\"@id\":\"https:\\\/\\\/buurtbusaaltenruurlo.nl\\\/buurtbus191\\\/#organization\"},\"potentialAction\":[{\"@type\":\"SearchAction\",\"target\":{\"@type\":\"EntryPoint\",\"urlTemplate\":\"https:\\\/\\\/buurtbusaaltenruurlo.nl\\\/buurtbus191\\\/?s={search_term_string}\"},\"query-input\":{\"@type\":\"PropertyValueSpecification\",\"valueRequired\":true,\"valueName\":\"search_term_string\"}}],\"inLanguage\":\"nl-NL\"},{\"@type\":\"Organization\",\"@id\":\"https:\\\/\\\/buurtbusaaltenruurlo.nl\\\/buurtbus191\\\/#organization\",\"name\":\"Buurtbus Aalten-Ruurlo\",\"url\":\"https:\\\/\\\/buurtbusaaltenruurlo.nl\\\/buurtbus191\\\/\",\"logo\":{\"@type\":\"ImageObject\",\"inLanguage\":\"nl-NL\",\"@id\":\"https:\\\/\\\/buurtbusaaltenruurlo.nl\\\/buurtbus191\\\/#\\\/schema\\\/logo\\\/image\\\/\",\"url\":\"https:\\\/\\\/buurtbusaaltenruurlo.nl\\\/buurtbus191\\\/wp-content\\\/uploads\\\/2024\\\/07\\\/cropped-IMG_5005-1-e1570184632722.jpg\",\"contentUrl\":\"https:\\\/\\\/buurtbusaaltenruurlo.nl\\\/buurtbus191\\\/wp-content\\\/uploads\\\/2024\\\/07\\\/cropped-IMG_5005-1-e1570184632722.jpg\",\"width\":119,\"height\":71,\"caption\":\"Buurtbus Aalten-Ruurlo\"},\"image\":{\"@id\":\"https:\\\/\\\/buurtbusaaltenruurlo.nl\\\/buurtbus191\\\/#\\\/schema\\\/logo\\\/image\\\/\"}}]}<\/script>\n<!-- \/ Yoast SEO plugin. -->","yoast_head_json":{"title":"Routes en Haltes - Buurtbus Aalten-Ruurlo","robots":{"index":"index","follow":"follow","max-snippet":"max-snippet:-1","max-image-preview":"max-image-preview:large","max-video-preview":"max-video-preview:-1"},"canonical":"https:\/\/buurtbusaaltenruurlo.nl\/buurtbus191\/index.php\/routes-en-haltes\/","og_locale":"nl_NL","og_type":"article","og_title":"Routes en Haltes - Buurtbus Aalten-Ruurlo","og_description":"Lijn 191 rijdt van Aalten naar Ruurlo en v.v. en stopt bij onderstaande haltes. Buiten de bebouwde kom stopt de bus op verzoek op elke gewenste plaats, mits de veiligheid dat toelaat. Steek daar duidelijk uw hand op! Halteplaats:Ruurlo De BundelingRuurlo&nbsp; Station Overstappen van \/ naarTrein Zutphen en WinterswijkBus 23 Doetinchem en BorculoBus 74 Lichtenvoorde...","og_url":"https:\/\/buurtbusaaltenruurlo.nl\/buurtbus191\/index.php\/routes-en-haltes\/","og_site_name":"Buurtbus Aalten-Ruurlo","article_modified_time":"2024-08-14T17:21:58+00:00","twitter_card":"summary_large_image","twitter_misc":{"Geschatte leestijd":"1 minuut"},"schema":{"@context":"https:\/\/schema.org","@graph":[{"@type":"WebPage","@id":"https:\/\/buurtbusaaltenruurlo.nl\/buurtbus191\/index.php\/routes-en-haltes\/","url":"https:\/\/buurtbusaaltenruurlo.nl\/buurtbus191\/index.php\/routes-en-haltes\/","name":"Routes en Haltes - Buurtbus Aalten-Ruurlo","isPartOf":{"@id":"https:\/\/buurtbusaaltenruurlo.nl\/buurtbus191\/#website"},"datePublished":"2024-07-28T17:09:59+00:00","dateModified":"2024-08-14T17:21:58+00:00","breadcrumb":{"@id":"https:\/\/buurtbusaaltenruurlo.nl\/buurtbus191\/index.php\/routes-en-haltes\/#breadcrumb"},"inLanguage":"nl-NL","potentialAction":[{"@type":"ReadAction","target":["https:\/\/buurtbusaaltenruurlo.nl\/buurtbus191\/index.php\/routes-en-haltes\/"]}]},{"@type":"BreadcrumbList","@id":"https:\/\/buurtbusaaltenruurlo.nl\/buurtbus191\/index.php\/routes-en-haltes\/#breadcrumb","itemListElement":[{"@type":"ListItem","position":1,"name":"Home","item":"https:\/\/buurtbusaaltenruurlo.nl\/buurtbus191\/"},{"@type":"ListItem","position":2,"name":"Routes en Haltes"}]},{"@type":"WebSite","@id":"https:\/\/buurtbusaaltenruurlo.nl\/buurtbus191\/#website","url":"https:\/\/buurtbusaaltenruurlo.nl\/buurtbus191\/","name":"Buurtbus Aalten-Ruurlo","description":"","publisher":{"@id":"https:\/\/buurtbusaaltenruurlo.nl\/buurtbus191\/#organization"},"potentialAction":[{"@type":"SearchAction","target":{"@type":"EntryPoint","urlTemplate":"https:\/\/buurtbusaaltenruurlo.nl\/buurtbus191\/?s={search_term_string}"},"query-input":{"@type":"PropertyValueSpecification","valueRequired":true,"valueName":"search_term_string"}}],"inLanguage":"nl-NL"},{"@type":"Organization","@id":"https:\/\/buurtbusaaltenruurlo.nl\/buurtbus191\/#organization","name":"Buurtbus Aalten-Ruurlo","url":"https:\/\/buurtbusaaltenruurlo.nl\/buurtbus191\/","logo":{"@type":"ImageObject","inLanguage":"nl-NL","@id":"https:\/\/buurtbusaaltenruurlo.nl\/buurtbus191\/#\/schema\/logo\/image\/","url":"https:\/\/buurtbusaaltenruurlo.nl\/buurtbus191\/wp-content\/uploads\/2024\/07\/cropped-IMG_5005-1-e1570184632722.jpg","contentUrl":"https:\/\/buurtbusaaltenruurlo.nl\/buurtbus191\/wp-content\/uploads\/2024\/07\/cropped-IMG_5005-1-e1570184632722.jpg","width":119,"height":71,"caption":"Buurtbus Aalten-Ruurlo"},"image":{"@id":"https:\/\/buurtbusaaltenruurlo.nl\/buurtbus191\/#\/schema\/logo\/image\/"}}]}},"uagb_featured_image_src":{"full":false,"thumbnail":false,"medium":false,"medium_large":false,"large":false,"1536x1536":false,"2048x2048":false},"uagb_author_info":{"display_name":"admin","author_link":"https:\/\/buurtbusaaltenruurlo.nl\/buurtbus191\/index.php\/author\/buurtbus191\/"},"uagb_comment_info":0,"uagb_excerpt":"Lijn 191 rijdt van Aalten naar Ruurlo en v.v. en stopt bij onderstaande haltes. Buiten de bebouwde kom stopt de bus op verzoek op elke gewenste plaats, mits de veiligheid dat toelaat. Steek daar duidelijk uw hand op! Halteplaats:Ruurlo De BundelingRuurlo&nbsp; Station Overstappen van \/ naarTrein Zutphen en WinterswijkBus 23 Doetinchem en BorculoBus 74 Lichtenvoorde...","_links":{"self":[{"href":"https:\/\/buurtbusaaltenruurlo.nl\/buurtbus191\/index.php\/wp-json\/wp\/v2\/pages\/225","targetHints":{"allow":["GET"]}}],"collection":[{"href":"https:\/\/buurtbusaaltenruurlo.nl\/buurtbus191\/index.php\/wp-json\/wp\/v2\/pages"}],"about":[{"href":"https:\/\/buurtbusaaltenruurlo.nl\/buurtbus191\/index.php\/wp-json\/wp\/v2\/types\/page"}],"author":[{"embeddable":true,"href":"https:\/\/buurtbusaaltenruurlo.nl\/buurtbus191\/index.php\/wp-json\/wp\/v2\/users\/1"}],"replies":[{"embeddable":true,"href":"https:\/\/buurtbusaaltenruurlo.nl\/buurtbus191\/index.php\/wp-json\/wp\/v2\/comments?post=225"}],"version-history":[{"count":3,"href":"https:\/\/buurtbusaaltenruurlo.nl\/buurtbus191\/index.php\/wp-json\/wp\/v2\/pages\/225\/revisions"}],"predecessor-version":[{"id":545,"href":"https:\/\/buurtbusaaltenruurlo.nl\/buurtbus191\/index.php\/wp-json\/wp\/v2\/pages\/225\/revisions\/545"}],"wp:attachment":[{"href":"https:\/\/buurtbusaaltenruurlo.nl\/buurtbus191\/index.php\/wp-json\/wp\/v2\/media?parent=225"}],"curies":[{"name":"wp","href":"https:\/\/api.w.org\/{rel}","templated":true}]}}